{"id":12580,"date":"2022-11-21T08:31:42","date_gmt":"2022-11-21T08:31:42","guid":{"rendered":"https:\/\/navalmarin.com\/?post_type=product&#038;p=12580"},"modified":"2022-11-21T08:32:55","modified_gmt":"2022-11-21T08:32:55","slug":"nora-polyester","status":"publish","type":"product","link":"https:\/\/navalmarin.com\/tr\/product\/nora-polyester\/","title":{"rendered":"Nora Polyester"},"content":{"rendered":"","protected":false},"excerpt":{"rendered":"<p><strong>A\u00e7\u0131klama:<\/strong><br \/>\n%100 Keten<br \/>\n\u00d6zel sipari\u015f i\u00e7in ileti\u015fime ge\u00e7ebilirsiniz.<\/p>\n","protected":false},"featured_media":11936,"template":"","meta":[],"product_cat":[142,132],"product_tag":[],"class_list":{"0":"post-12580","1":"product","2":"type-product","3":"status-publish","4":"has-post-thumbnail","6":"product_cat-ev-tekstili","7":"product_cat-yeni-koleksiyon","9":"first","10":"instock","11":"taxable","12":"shipping-taxable","13":"purchasable","14":"product-type-variable"},"_links":{"self":[{"href":"https:\/\/navalmarin.com\/tr\/wp-json\/wp\/v2\/product\/12580","targetHints":{"allow":["GET"]}}],"collection":[{"href":"https:\/\/navalmarin.com\/tr\/wp-json\/wp\/v2\/product"}],"about":[{"href":"https:\/\/navalmarin.com\/tr\/wp-json\/wp\/v2\/types\/product"}],"version-history":[{"count":0,"href":"https:\/\/navalmarin.com\/tr\/wp-json\/wp\/v2\/product\/12580\/revisions"}],"wp:featuredmedia":[{"embeddable":true,"href":"https:\/\/navalmarin.com\/tr\/wp-json\/wp\/v2\/media\/11936"}],"wp:attachment":[{"href":"https:\/\/navalmarin.com\/tr\/wp-json\/wp\/v2\/media?parent=12580"}],"wp:term":[{"taxonomy":"product_cat","embeddable":true,"href":"https:\/\/navalmarin.com\/tr\/wp-json\/wp\/v2\/product_cat?post=12580"},{"taxonomy":"product_tag","embeddable":true,"href":"https:\/\/navalmarin.com\/tr\/wp-json\/wp\/v2\/product_tag?post=12580"}],"curies":[{"name":"wp","href":"https:\/\/api.w.org\/{rel}","templated":true}]}}